{"id":6374,"date":"2022-04-20T01:55:17","date_gmt":"2022-04-20T01:55:17","guid":{"rendered":"https:\/\/aptilon.nl\/kwaliteit\/"},"modified":"2023-03-03T19:59:47","modified_gmt":"2023-03-03T19:59:47","slug":"kwaliteit","status":"publish","type":"page","link":"https:\/\/aptilon.nl\/nl\/kwaliteit\/","title":{"rendered":"Kwaliteit"},"content":{"rendered":"<p>[et_pb_section fb_built=&#8221;1&#8243; next_background_color=&#8221;#ffffff&#8221; admin_label=&#8221;Hero&#8221; _builder_version=&#8221;4.17.4&#8243; _module_preset=&#8221;default&#8221; background_color=&#8221;#21346A&#8221; background_image=&#8221;https:\/\/aptilon.nl\/wp-content\/uploads\/2022\/04\/babysitter-background-white-1.png&#8221; background_blend=&#8221;soft-light&#8221; custom_margin=&#8221;|||&#8221; custom_padding=&#8221;120px||120px|&#8221; bottom_divider_style=&#8221;wave2&#8243; bottom_divider_height=&#8221;150px&#8221; global_colors_info=&#8221;{}&#8221;][et_pb_row _builder_version=&#8221;4.16&#8243; _module_preset=&#8221;default&#8221; background_size=&#8221;initial&#8221; background_position=&#8221;top_left&#8221; background_repeat=&#8221;repeat&#8221; global_colors_info=&#8221;{}&#8221;][et_pb_column type=&#8221;4_4&#8243; _builder_version=&#8221;4.16&#8243; _module_preset=&#8221;default&#8221; custom_padding=&#8221;|||&#8221; global_colors_info=&#8221;{}&#8221; custom_padding__hover=&#8221;|||&#8221;][et_pb_text _builder_version=&#8221;4.17.4&#8243; _module_preset=&#8221;default&#8221; text_font=&#8221;Nunito||||||||&#8221; text_font_size=&#8221;18px&#8221; text_line_height=&#8221;1.8em&#8221; header_font=&#8221;Fredoka One||||||||&#8221; header_font_size=&#8221;52px&#8221; header_line_height=&#8221;1.3em&#8221; text_orientation=&#8221;center&#8221; background_layout=&#8221;dark&#8221; max_width=&#8221;700px&#8221; module_alignment=&#8221;center&#8221; custom_margin=&#8221;||10px|&#8221; animation_style=&#8221;fade&#8221; global_colors_info=&#8221;{}&#8221;]<\/p>\n<h1>Kwaliteit <\/h1>\n<p>[\/et_pb_text][\/et_pb_column][\/et_pb_row][\/et_pb_section][et_pb_section fb_built=&#8221;1&#8243; admin_label=&#8221;About&#8221; _builder_version=&#8221;4.17.4&#8243; _module_preset=&#8221;default&#8221; background_image=&#8221;https:\/\/aptilon.nl\/wp-content\/uploads\/2022\/04\/babysitter-background-color-1.png&#8221; custom_padding=&#8221;120px|0px|111px|0px&#8221; global_colors_info=&#8221;{}&#8221;][et_pb_row column_structure=&#8221;1_2,1_2&#8243; _builder_version=&#8221;4.16&#8243; _module_preset=&#8221;default&#8221; custom_margin=&#8221;|||&#8221; global_colors_info=&#8221;{}&#8221;][et_pb_column type=&#8221;1_2&#8243; _builder_version=&#8221;4.16&#8243; _module_preset=&#8221;default&#8221; custom_padding=&#8221;|||&#8221; global_colors_info=&#8221;{}&#8221; custom_padding__hover=&#8221;|||&#8221;][et_pb_image src=&#8221;https:\/\/aptilon.nl\/wp-content\/uploads\/2022\/05\/About-us.png&#8221; title_text=&#8221;Over ons&#8221; force_fullwidth=&#8221;on&#8221; align_tablet=&#8221;center&#8221; align_phone=&#8221;center&#8221; align_last_edited=&#8221;on|desktop&#8221; _builder_version=&#8221;4.17.4&#8243; _module_preset=&#8221;default&#8221; animation_style=&#8221;fade&#8221; border_radii=&#8221;on|8px|8px|8px|8px&#8221; global_colors_info=&#8221;{}&#8221;][\/et_pb_image][\/et_pb_column][et_pb_column type=&#8221;1_2&#8243; _builder_version=&#8221;4.16&#8243; _module_preset=&#8221;default&#8221; custom_padding=&#8221;|||&#8221; global_colors_info=&#8221;{}&#8221; custom_padding__hover=&#8221;|||&#8221;][et_pb_text _builder_version=&#8221;4.17.4&#8243; _module_preset=&#8221;default&#8221; text_font=&#8221;Nunito||||||||&#8221; text_font_size=&#8221;18px&#8221; text_line_height=&#8221;1.8em&#8221; header_font=&#8221;||||||||&#8221; header_2_font=&#8221;Fredoka One||||||||&#8221; header_2_text_color=&#8221;#262f72&#8243; header_2_font_size=&#8221;36px&#8221; header_3_font=&#8221;||||||||&#8221; animation_style=&#8221;slide&#8221; animation_direction=&#8221;top&#8221; animation_intensity_slide=&#8221;5%&#8221; animation_starting_opacity=&#8221;100%&#8221; locked=&#8221;off&#8221; global_colors_info=&#8221;{}&#8221;]<\/p>\n<h2>Aptilon-kwaliteit<\/h2>\n<p>Aptilon ondersteunt borstvoeding als de beste keuze voor baby&#8217;s. Voor baby&#8217;s die geen borstvoeding krijgen, bieden wij hoogwaardige zuigelingenvoeding. Onze organisatie heeft bijna 100 jaar ervaring in het ontwikkelen en produceren van zuigelingenvoeding. We ontwikkelen onze productformuleringen met behulp van bestaande wetenschap en ons eigen onderzoek. Ons eigen onderzoek brengt nieuwe kennis over o.a. effici\u00ebntie van nieuwe ingredi\u00ebnten, nieuwe technologie\u00ebn en nieuwe productformaten die we zullen omzetten in onze innovaties. We innoveren continu zodat baby&#8217;s, kinderen, ouders en zorgprofessionals op de best mogelijke manier worden bediend. Daarbij houden we rekening met de behoeften van opgroeiende kinderen in verschillende leeftijdscategorie\u00ebn. Bij de ontwikkeling van onze producten is een van onze basisvoorwaarden het naleven van internationale regels voor de samenstelling van deze producten. Wij hebben de kennis in huis om de zuigelingenvoeding aan te passen aan de lokale wet- en regelgeving. Voor o.a. hiervoor zijn wij aangesloten bij diverse internationale brancheorganisaties voor kindervoeding, waardoor wij tijdig op de hoogte zijn van actuele ontwikkelingen en input kunnen leveren over de impact van nieuwe wetenschappelijke inzichten op het gebied van kindervoeding.<\/p>\n<p>[\/et_pb_text][et_pb_counters _builder_version=&#8221;4.17.4&#8243; _module_preset=&#8221;default&#8221; title_font=&#8221;||||||||&#8221; custom_margin=&#8221;||50px|&#8221; custom_padding=&#8221;|||&#8221; global_colors_info=&#8221;{}&#8221;][et_pb_counter percent=&#8221;75&#8243; bar_background_color=&#8221;#81d2f1&#8243; _builder_version=&#8221;4.17.4&#8243; _module_preset=&#8221;default&#8221; title_font=&#8221;Fredoka One||||||||&#8221; title_text_color=&#8221;#262f71&#8243; title_font_size=&#8221;18px&#8221; title_line_height=&#8221;3em&#8221; percent_font=&#8221;||||||||&#8221; background_color=&#8221;#f9f9f9&#8243; custom_margin=&#8221;|||&#8221; border_radii=&#8221;on|50px|50px|50px|50px&#8221; global_colors_info=&#8221;{}&#8221; bar_background_color_default=&#8221;#2ea3f2&#8243; use_percentages=&#8221;on&#8221;]Tevredenheidsbeoordeling[\/et_pb_counter][et_pb_counter percent=&#8221;78&#8243; bar_background_color=&#8221;#81d2f1&#8243; _builder_version=&#8221;4.16&#8243; _module_preset=&#8221;default&#8221; title_font=&#8221;Fredoka One||||||||&#8221; title_text_color=&#8221;#262f71&#8243; title_font_size=&#8221;18px&#8221; title_line_height=&#8221;3em&#8221; percent_font=&#8221;||||||||&#8221; background_color=&#8221;#f9f9f9&#8243; border_radii=&#8221;on|50px|50px|50px|50px&#8221; global_colors_info=&#8221;{}&#8221; bar_background_color_default=&#8221;#2ea3f2&#8243; use_percentages=&#8221;on&#8221;]Beschikbaarheid op lange termijn[\/et_pb_counter][et_pb_counter percent=&#8221;88&#8243; bar_background_color=&#8221;#81d2f1&#8243; _builder_version=&#8221;4.16&#8243; _module_preset=&#8221;default&#8221; title_font=&#8221;Fredoka One||||||||&#8221; title_text_color=&#8221;#262f71&#8243; title_font_size=&#8221;18px&#8221; title_line_height=&#8221;3em&#8221; percent_font=&#8221;||||||||&#8221; background_color=&#8221;#f9f9f9&#8243; border_radii=&#8221;on|50px|50px|50px|50px&#8221; global_colors_info=&#8221;{}&#8221; bar_background_color_default=&#8221;#2ea3f2&#8243; use_percentages=&#8221;on&#8221;]Kindzorg[\/et_pb_counter][\/et_pb_counters][\/et_pb_column][\/et_pb_row][et_pb_row column_structure=&#8221;1_2,1_2&#8243; _builder_version=&#8221;4.17.4&#8243; _module_preset=&#8221;default&#8221; module_alignment=&#8221;center&#8221; custom_margin=&#8221;70px|||&#8221; global_colors_info=&#8221;{}&#8221;][et_pb_column type=&#8221;1_2&#8243; _builder_version=&#8221;4.16&#8243; _module_preset=&#8221;default&#8221; custom_padding=&#8221;|||&#8221; global_colors_info=&#8221;{}&#8221; custom_padding__hover=&#8221;|||&#8221;][et_pb_image src=&#8221;https:\/\/aptilon.nl\/wp-content\/uploads\/2022\/05\/quality-2.jpeg&#8221; title_text=&#8221;quality-2&#8243; _builder_version=&#8221;4.17.4&#8243; _module_preset=&#8221;default&#8221; global_colors_info=&#8221;{}&#8221;][\/et_pb_image][\/et_pb_column][et_pb_column type=&#8221;1_2&#8243; _builder_version=&#8221;4.16&#8243; _module_preset=&#8221;default&#8221; custom_padding=&#8221;|||&#8221; global_colors_info=&#8221;{}&#8221; custom_padding__hover=&#8221;|||&#8221;][et_pb_image src=&#8221;https:\/\/aptilon.nl\/wp-content\/uploads\/2022\/05\/quality-1.jpeg&#8221; title_text=&#8221;quality-1&#8243; _builder_version=&#8221;4.17.4&#8243; _module_preset=&#8221;default&#8221; module_alignment=&#8221;center&#8221; max_height=&#8221;511px&#8221; global_colors_info=&#8221;{}&#8221;][\/et_pb_image][\/et_pb_column][\/et_pb_row][et_pb_row column_structure=&#8221;1_2,1_2&#8243; _builder_version=&#8221;4.16&#8243; _module_preset=&#8221;default&#8221; custom_margin=&#8221;70px|||&#8221; global_colors_info=&#8221;{}&#8221;][et_pb_column type=&#8221;1_2&#8243; _builder_version=&#8221;4.16&#8243; _module_preset=&#8221;default&#8221; custom_padding=&#8221;|||&#8221; global_colors_info=&#8221;{}&#8221; custom_padding__hover=&#8221;|||&#8221;][et_pb_text _builder_version=&#8221;4.17.4&#8243; _module_preset=&#8221;default&#8221; header_font=&#8221;||||||||&#8221; header_2_font=&#8221;Fredoka One||||||||&#8221; header_2_text_color=&#8221;#262f72&#8243; header_2_font_size=&#8221;36px&#8221; header_3_font=&#8221;||||||||&#8221; header_3_text_color=&#8221;#262f71&#8243; animation_style=&#8221;slide&#8221; animation_direction=&#8221;top&#8221; animation_intensity_slide=&#8221;5%&#8221; animation_starting_opacity=&#8221;100%&#8221; global_colors_info=&#8221;{}&#8221;]<\/p>\n<h2>Wet en regelgeving<\/h2>\n<p>[\/et_pb_text][et_pb_text _builder_version=&#8221;4.17.4&#8243; _module_preset=&#8221;default&#8221; text_font=&#8221;Nunito||||||||&#8221; text_font_size=&#8221;18px&#8221; text_line_height=&#8221;1.8em&#8221; animation_style=&#8221;fade&#8221; global_colors_info=&#8221;{}&#8221;]<\/p>\n<p class=\"desc\">Onze processen en producten zijn gebaseerd op de Codex Alimentarius wetgeving, de GB (China) de EU en de Nederlandse zuigelingenvoeding &amp; voeding wetgeving. Daarnaast heeft Aptilon de kennis in huis om recepten te ontwikkelen die specifiek zijn afgestemd op lokale wet- en regelgeving in landen buiten de EU.<\/p>\n<p>[\/et_pb_text][\/et_pb_column][et_pb_column type=&#8221;1_2&#8243; _builder_version=&#8221;4.16&#8243; _module_preset=&#8221;default&#8221; custom_padding=&#8221;|||&#8221; global_colors_info=&#8221;{}&#8221; custom_padding__hover=&#8221;|||&#8221;][et_pb_text _builder_version=&#8221;4.17.4&#8243; _module_preset=&#8221;default&#8221; header_font=&#8221;||||||||&#8221; header_2_font=&#8221;Fredoka One||||||||&#8221; header_2_text_color=&#8221;#262f72&#8243; header_2_font_size=&#8221;36px&#8221; header_3_font=&#8221;||||||||&#8221; header_3_text_color=&#8221;#262f71&#8243; animation_style=&#8221;slide&#8221; animation_direction=&#8221;top&#8221; animation_intensity_slide=&#8221;5%&#8221; animation_starting_opacity=&#8221;100%&#8221; global_colors_info=&#8221;{}&#8221;]<\/p>\n<h2>Certificeringen<\/h2>\n<p>[\/et_pb_text][et_pb_text _builder_version=&#8221;4.17.4&#8243; _module_preset=&#8221;default&#8221; text_font=&#8221;Nunito||||||||&#8221; text_font_size=&#8221;18px&#8221; text_line_height=&#8221;1.8em&#8221; animation_style=&#8221;fade&#8221; global_colors_info=&#8221;{}&#8221;]<\/p>\n<p>Onze kwaliteitssystemen zijn gecertificeerd* in overeenstemming met de volgende nationale en internationale normen:<\/p>\n<p>[\/et_pb_text][\/et_pb_column][\/et_pb_row][\/et_pb_section]<\/p>\n","protected":false},"excerpt":{"rendered":"<p>Kwaliteit Aptilon-kwaliteit Aptilon ondersteunt borstvoeding als de beste keuze voor baby&#8217;s. Voor baby&#8217;s die geen borstvoeding krijgen, bieden wij hoogwaardige zuigelingenvoeding. Onze organisatie heeft bijna 100 jaar ervaring in het ontwikkelen en produceren van zuigelingenvoeding. We ontwikkelen onze productformuleringen met behulp van bestaande wetenschap en ons eigen onderzoek. Ons eigen onderzoek brengt nieuwe kennis over [&hellip;]<\/p>\n","protected":false},"author":1,"featured_media":0,"parent":0,"menu_order":0,"comment_status":"closed","ping_status":"closed","template":"","meta":{"_et_pb_use_builder":"on","_et_pb_old_content":"","_et_gb_content_width":"","footnotes":""},"class_list":["post-6374","page","type-page","status-publish","hentry"],"_links":{"self":[{"href":"https:\/\/aptilon.nl\/nl\/wp-json\/wp\/v2\/pages\/6374","targetHints":{"allow":["GET"]}}],"collection":[{"href":"https:\/\/aptilon.nl\/nl\/wp-json\/wp\/v2\/pages"}],"about":[{"href":"https:\/\/aptilon.nl\/nl\/wp-json\/wp\/v2\/types\/page"}],"author":[{"embeddable":true,"href":"https:\/\/aptilon.nl\/nl\/wp-json\/wp\/v2\/users\/1"}],"replies":[{"embeddable":true,"href":"https:\/\/aptilon.nl\/nl\/wp-json\/wp\/v2\/comments?post=6374"}],"version-history":[{"count":4,"href":"https:\/\/aptilon.nl\/nl\/wp-json\/wp\/v2\/pages\/6374\/revisions"}],"predecessor-version":[{"id":6579,"href":"https:\/\/aptilon.nl\/nl\/wp-json\/wp\/v2\/pages\/6374\/revisions\/6579"}],"wp:attachment":[{"href":"https:\/\/aptilon.nl\/nl\/wp-json\/wp\/v2\/media?parent=6374"}],"curies":[{"name":"wp","href":"https:\/\/api.w.org\/{rel}","templated":true}]}}